{"id":6297,"date":"2026-04-19T12:12:24","date_gmt":"2026-04-19T11:12:24","guid":{"rendered":"https:\/\/neuropsiquiatria.pt\/?page_id=6297"},"modified":"2026-04-19T12:12:24","modified_gmt":"2026-04-19T11:12:24","slug":"equipa-clinica","status":"publish","type":"page","link":"https:\/\/neuropsiquiatria.pt\/es\/equipa-clinica\/","title":{"rendered":"Equipo cl\u00ednico"},"content":{"rendered":"<div data-elementor-type=\"wp-page\" data-elementor-id=\"6297\" class=\"elementor elementor-6297\" data-elementor-post-type=\"page\">\n\t\t\t\t<div class=\"elementor-element elementor-element-005115b e-flex e-con-boxed e-con e-parent\" data-id=\"005115b\" data-element_type=\"container\" data-e-type=\"container\">\n\t\t\t\t\t<div class=\"e-con-inner\">\n\t\t\t\t<div class=\"elementor-element elementor-element-931c2c7 elementor-widget elementor-widget-html\" data-id=\"931c2c7\" data-element_type=\"widget\" data-e-type=\"widget\" data-widget_type=\"html.default\">\n\t\t\t\t<div class=\"elementor-widget-container\">\n\t\t\t\t\t<!DOCTYPE html>\r\n<html lang=\"pt-PT\">\r\n<head>\r\n  <meta charset=\"UTF-8\">\r\n  <meta name=\"viewport\" content=\"width=device-width, initial-scale=1.0\">\r\n  <title>Equipa Cl\u00ednica<\/title>\r\n  <style>\r\n    .page-hero { \r\n      position: relative;\r\n      isolation: isolate;\r\n      width: 100vw;\r\n      left: 50%;\r\n      right: 50%;\r\n      margin-left: -50vw;\r\n      margin-right: -50vw;\r\n\r\n      min-height: clamp(220px, 38vw, 380px);\r\n      display: flex;\r\n      align-items: center;\r\n      justify-content: center;\r\n      text-align: center;\r\n\r\n      background-image: url(\"https:\/\/neuropsiquiatria.pt\/wp-content\/uploads\/2026\/02\/freepik__use-img1-as-the-base-reference-imagestrict-preserv__53014-scaled.jpeg\"); \/* troque aqui se quiseres *\/\r\n      background-size: cover;\r\n      background-position: 50% 10%;\r\n      background-repeat: no-repeat;\r\n    }\r\n\r\n    .page-hero::after {\r\n      content: \"\";\r\n      z-index: 0;\r\n      position: absolute;\r\n      inset: 0;\r\n      background: linear-gradient(180deg, rgba(0,0,0,.3), rgba(0,0,0,.7));\r\n    }\r\n\r\n    .page-hero .hero-content {\r\n      position: relative;\r\n      z-index: 1;\r\n      color: #fff;\r\n      padding: 60px 16px;\r\n    }\r\n\r\n    .page-hero .eyebrow {\r\n      margin: 0 0 8px 0;\r\n      color: #4ecdc4;\r\n      font-weight: 800;\r\n      letter-spacing: .18em;\r\n      text-transform: uppercase;\r\n      font-size: clamp(12px, 1.6vw, 19px);\r\n      opacity: 1;\r\n      text-shadow: 0 2px 6px rgba(0,0,0,0.4);\r\n    }\r\n\r\n    .page-hero .hero-title {\r\n      margin: 0;\r\n      color: #fff;\r\n      line-height: 1.15;\r\n      font-weight: 800;\r\n      font-size: clamp(26px, 5.2vw, 56px);\r\n      text-shadow: \r\n        0 3px 10px rgba(0,0,0,0.8), \/* sombra profunda *\/\r\n        0 0 15px rgba(255,255,255,0.35); \/* brilho suave *\/\r\n    }\r\n\r\n    @media (min-width: 1024px) {\r\n      body { background-size: 400px; }\r\n      .page-hero .hero-content { padding: 90px 24px; }\r\n    }\r\n  <\/style>\r\n<\/head>\r\n<body>\r\n  \r\n  <!-- Hero Section -->\r\n  <section class=\"page-hero\">\r\n    <div class=\"hero-content\">\r\n      <p class=\"eyebrow\">NEUR\u00d3PSICA<\/p>\r\n      <h1 class=\"hero-title\">EQUIPA CL\u00cdNICA<\/h1>\r\n    <\/div>\r\n  <\/section>\r\n\r\n<\/body>\r\n<\/html>\r\n\t\t\t\t<\/div>\n\t\t\t\t<\/div>\n\t\t\t\t\t<\/div>\n\t\t\t\t<\/div>\n\t\t<div class=\"elementor-element elementor-element-bf642a4 e-flex e-con-boxed e-con e-parent\" data-id=\"bf642a4\" data-element_type=\"container\" data-e-type=\"container\">\n\t\t\t\t\t<div class=\"e-con-inner\">\n\t\t\t\t<div class=\"elementor-element elementor-element-c227456 elementor-widget elementor-widget-html\" data-id=\"c227456\" data-element_type=\"widget\" data-e-type=\"widget\" data-widget_type=\"html.default\">\n\t\t\t\t<div class=\"elementor-widget-container\">\n\t\t\t\t\t<!-- ============================================= -->\n<!-- SEC\u00c7\u00c3O EQUIPA NEUROPSYQUE                      -->\n<!-- ============================================= -->\n<section class=\"np-team-section\">\n  <div class=\"np-team-container\">\n\n    <!-- Header da sec\u00e7\u00e3o -->\n    <div class=\"np-team-header\">\n      <span class=\"np-team-eyebrow\">A nossa equipa<\/span>\n      <h2 class=\"np-team-title\">Especialistas dedicados ao seu bem-estar<\/h2>\n      <p class=\"np-team-subtitle\">\n        Uma equipa multidisciplinar unida por uma abordagem integrada e centrada nas pessoas.\n      <\/p>\n    <\/div>\n\n    <!-- Grid 4x2 de cards -->\n    <div class=\"np-team-grid\">\n\n      <!-- Card 1 -->\n      <article class=\"np-team-card\">\n        <div class=\"np-team-photo\" style=\"background-image: url('https:\/\/neuropsiquiatria.pt\/wp-content\/uploads\/2026\/04\/7.webp');\" role=\"img\" aria-label=\"Dr. Jos\u00e9 Padr\u00e3o Mendes - Neurologista e Neuropsiquiatra\"><\/div>\n        <div class=\"np-team-info\">\n          <h3 class=\"np-team-name\">Jos\u00e9 Padr\u00e3o<\/h3>\n          <p class=\"np-team-role\">Neurologista, Neuropsiquiatra<\/p>\n        <\/div>\n      <\/article>\n\n      <!-- Card 2 -->\n      <article class=\"np-team-card\">\n        <div class=\"np-team-photo\" style=\"background-image: url('https:\/\/neuropsiquiatria.pt\/wp-content\/uploads\/2026\/04\/3.webp');\" role=\"img\" aria-label=\"Madalena Lima - Neuropsic\u00f3loga\"><\/div>\n        <div class=\"np-team-info\">\n          <h3 class=\"np-team-name\">Madalena Lima<\/h3>\n          <p class=\"np-team-role\">Neuropsic\u00f3loga<\/p>\n        <\/div>\n      <\/article>\n\n      <!-- Card 3 -->\n      <article class=\"np-team-card\">\n        <div class=\"np-team-photo\" style=\"background-image: url('https:\/\/neuropsiquiatria.pt\/wp-content\/uploads\/2026\/04\/2.webp');\" role=\"img\" aria-label=\"Liliana Cavaco - Psic\u00f3loga\"><\/div>\n        <div class=\"np-team-info\">\n          <h3 class=\"np-team-name\">Liliana Cavaco<\/h3>\n          <p class=\"np-team-role\">Psic\u00f3loga<\/p>\n        <\/div>\n      <\/article>\n\n      <!-- Card 4 -->\n      <article class=\"np-team-card\">\n        <div class=\"np-team-photo\" style=\"background-image: url('https:\/\/neuropsiquiatria.pt\/wp-content\/uploads\/2026\/04\/5.webp');\" role=\"img\" aria-label=\"Renata Mota - Psic\u00f3loga\"><\/div>\n        <div class=\"np-team-info\">\n          <h3 class=\"np-team-name\">Renata Mota<\/h3>\n          <p class=\"np-team-role\">Psic\u00f3loga<\/p>\n        <\/div>\n      <\/article>\n\n      <!-- Card 5 -->\n      <article class=\"np-team-card\">\n        <div class=\"np-team-photo\" style=\"background-image: url('https:\/\/neuropsiquiatria.pt\/wp-content\/uploads\/2026\/04\/4.webp');\" role=\"img\" aria-label=\"Vanessa Silva - Enfermeira PNEI\"><\/div>\n        <div class=\"np-team-info\">\n          <h3 class=\"np-team-name\">Vanessa Silva<\/h3>\n          <p class=\"np-team-role\">Enfermeira PNEI<\/p>\n        <\/div>\n      <\/article>\n\n      <!-- Card 6 -->\n      <article class=\"np-team-card\">\n        <div class=\"np-team-photo\" style=\"background-image: url('https:\/\/neuropsiquiatria.pt\/wp-content\/uploads\/2026\/04\/1.webp');\" role=\"img\" aria-label=\"Anna Ara\u00fajo - Fisioterapeuta\"><\/div>\n        <div class=\"np-team-info\">\n          <h3 class=\"np-team-name\">Anna Ara\u00fajo<\/h3>\n          <p class=\"np-team-role\">Fisioterapeuta<\/p>\n        <\/div>\n      <\/article>\n\n      <!-- Card 7 -->\n      <article class=\"np-team-card\">\n        <div class=\"np-team-photo\" style=\"background-image: url('https:\/\/neuropsiquiatria.pt\/wp-content\/uploads\/2026\/04\/8.webp');\" role=\"img\" aria-label=\"Matilde Fanha - Fisioterapeuta\"><\/div>\n        <div class=\"np-team-info\">\n          <h3 class=\"np-team-name\">Matilde Fanha<\/h3>\n          <p class=\"np-team-role\">Fisioterapeuta<\/p>\n        <\/div>\n      <\/article>\n\n      <!-- Card 8 -->\n      <article class=\"np-team-card\">\n        <div class=\"np-team-photo\" style=\"background-image: url('https:\/\/neuropsiquiatria.pt\/wp-content\/uploads\/2026\/04\/6.webp');\" role=\"img\" aria-label=\"Marina Mimoso - Acupuntora\"><\/div>\n        <div class=\"np-team-info\">\n          <h3 class=\"np-team-name\">Marina Mimoso<\/h3>\n          <p class=\"np-team-role\">Acupuntora<\/p>\n        <\/div>\n      <\/article>\n\n    <\/div>\n  <\/div>\n<\/section>\n\n<!-- ============================================= -->\n<!-- ESTILOS                                        -->\n<!-- ============================================= -->\n<style>\n  .np-team-section {\n    font-family: 'Montserrat', -apple-system, BlinkMacSystemFont, sans-serif;\n    padding: 50px 20px;\n    background: #ffffff;\n  }\n\n  .np-team-container {\n    max-width: 1280px;\n    margin: 0 auto;\n  }\n\n  \/* Header *\/\n  .np-team-header {\n    text-align: center;\n    margin-bottom: 70px;\n  }\n\n  .np-team-eyebrow {\n    display: inline-block;\n    font-size: 13px;\n    font-weight: 700;\n    letter-spacing: 3px;\n    text-transform: uppercase;\n    color: #000;\n    margin-bottom: 16px;\n    padding: 6px 16px;\n    background: rgba(245, 158, 11, 0.1);\n    border-radius: 30px;\n  }\n\n  .np-team-title {\n    font-size: clamp(28px, 4vw, 44px);\n    font-weight: 700;\n    color: #1e3a5f;\n    margin: 0 0 20px;\n    line-height: 1.2;\n    letter-spacing: -0.5px;\n  }\n\n  .np-team-subtitle {\n    font-size: 17px;\n    color: #64748b;\n    max-width: 640px;\n    margin: 0 auto;\n    line-height: 1.6;\n    font-weight: 400;\n  }\n\n  \/* Grid 4x2 *\/\n  .np-team-grid {\n    display: grid;\n    grid-template-columns: repeat(4, 1fr);\n    gap: 28px;\n  }\n\n  \/* Card *\/\n  .np-team-card {\n    background: #ffffff;\n    border-radius: 16px;\n    overflow: hidden;\n    box-shadow: 0 4px 20px rgba(30, 58, 95, 0.08);\n    transition: transform 0.4s cubic-bezier(0.4, 0, 0.2, 1),\n                box-shadow 0.4s cubic-bezier(0.4, 0, 0.2, 1);\n    border: 1px solid rgba(30, 58, 95, 0.04);\n    cursor: pointer;\n  }\n\n  .np-team-card:hover {\n    transform: translateY(-8px);\n    box-shadow: 0 20px 50px rgba(30, 58, 95, 0.18);\n  }\n\n  \/* Foto (background-image em vez de <img>) *\/\n  .np-team-photo {\n    width: 100%;\n    aspect-ratio: 1 \/ 1;\n    background-size: cover;\n    background-position: center;\n    background-repeat: no-repeat;\n    background-color: #f1f5f9;\n    transition: transform 0.6s cubic-bezier(0.4, 0, 0.2, 1);\n  }\n\n  .np-team-card:hover .np-team-photo {\n    transform: scale(1.03);\n  }\n\n  \/* Info *\/\n  .np-team-info {\n    padding: 22px 20px;\n    text-align: center;\n    border-top: 3px solid transparent;\n    background: linear-gradient(#ffffff, #ffffff) padding-box,\n                linear-gradient(90deg, transparent, #f59e0b, transparent) border-box;\n    transition: border-color 0.3s ease;\n  }\n\n  .np-team-name {\n    font-size: 17px;\n    font-weight: 700;\n    color: #1e3a5f;\n    margin: 0 0 6px;\n    line-height: 1.3;\n    letter-spacing: -0.2px;\n  }\n\n  .np-team-role {\n    font-size: 14px;\n    color: #64748b;\n    margin: 0;\n    font-weight: 500;\n    line-height: 1.4;\n  }\n\n  \/* Responsivo: 3 colunas em ecr\u00e3s m\u00e9dios-grandes *\/\n  @media (max-width: 1100px) {\n    .np-team-grid {\n      grid-template-columns: repeat(3, 1fr);\n    }\n  }\n\n  \/* Tablet: 2 colunas *\/\n  @media (max-width: 820px) {\n    .np-team-section {\n      padding: 70px 16px;\n    }\n\n    .np-team-grid {\n      grid-template-columns: repeat(2, 1fr);\n      gap: 20px;\n    }\n\n    .np-team-header {\n      margin-bottom: 50px;\n    }\n  }\n\n  \/* Mobile: 1 coluna *\/\n  @media (max-width: 480px) {\n    .np-team-section {\n      padding: 60px 16px;\n    }\n\n    .np-team-grid {\n      grid-template-columns: 1fr;\n      gap: 20px;\n      max-width: 340px;\n      margin: 0 auto;\n    }\n\n    .np-team-info {\n      padding: 18px 16px;\n    }\n  }\n<\/style>\t\t\t\t<\/div>\n\t\t\t\t<\/div>\n\t\t\t\t\t<\/div>\n\t\t\t\t<\/div>\n\t\t\t\t<\/div>","protected":false},"excerpt":{"rendered":"<p>Equipa Cl\u00ednica NEUROPSYQUE EQUIPA CL\u00cdNICA A nossa equipa Especialistas dedicados ao seu bem-estar Uma equipa multidisciplinar unida por uma abordagem integrada e centrada nas pessoas. Jos\u00e9 Padr\u00e3o Neurologista, Neuropsiquiatra Madalena Lima Neuropsic\u00f3loga Liliana Cavaco Psic\u00f3loga Renata Mota Psic\u00f3loga Vanessa Silva Enfermeira PNEI Anna Ara\u00fajo Fisioterapeuta Matilde Fanha Fisioterapeuta Marina Mimoso Acupuntora<\/p>","protected":false},"author":1,"featured_media":0,"parent":0,"menu_order":0,"comment_status":"closed","ping_status":"closed","template":"elementor_header_footer","meta":{"footnotes":""},"class_list":["post-6297","page","type-page","status-publish","hentry"],"aioseo_notices":[],"_hostinger_reach_plugin_has_subscription_block":false,"_hostinger_reach_plugin_is_elementor":false,"_links":{"self":[{"href":"https:\/\/neuropsiquiatria.pt\/es\/wp-json\/wp\/v2\/pages\/6297","targetHints":{"allow":["GET"]}}],"collection":[{"href":"https:\/\/neuropsiquiatria.pt\/es\/wp-json\/wp\/v2\/pages"}],"about":[{"href":"https:\/\/neuropsiquiatria.pt\/es\/wp-json\/wp\/v2\/types\/page"}],"author":[{"embeddable":true,"href":"https:\/\/neuropsiquiatria.pt\/es\/wp-json\/wp\/v2\/users\/1"}],"replies":[{"embeddable":true,"href":"https:\/\/neuropsiquiatria.pt\/es\/wp-json\/wp\/v2\/comments?post=6297"}],"version-history":[{"count":4,"href":"https:\/\/neuropsiquiatria.pt\/es\/wp-json\/wp\/v2\/pages\/6297\/revisions"}],"predecessor-version":[{"id":6309,"href":"https:\/\/neuropsiquiatria.pt\/es\/wp-json\/wp\/v2\/pages\/6297\/revisions\/6309"}],"wp:attachment":[{"href":"https:\/\/neuropsiquiatria.pt\/es\/wp-json\/wp\/v2\/media?parent=6297"}],"curies":[{"name":"wp","href":"https:\/\/api.w.org\/{rel}","templated":true}]}}