{"id":2213,"date":"2025-05-21T20:36:10","date_gmt":"2025-05-21T19:36:10","guid":{"rendered":"https:\/\/neuropsiquiatria.pt\/?page_id=2213"},"modified":"2025-05-22T14:38:10","modified_gmt":"2025-05-22T13:38:10","slug":"termos-e-condicoes","status":"publish","type":"page","link":"https:\/\/neuropsiquiatria.pt\/es\/termos-e-condicoes\/","title":{"rendered":"Condiciones generales"},"content":{"rendered":"<div data-elementor-type=\"wp-page\" data-elementor-id=\"2213\" class=\"elementor elementor-2213\" data-elementor-post-type=\"page\">\n\t\t\t\t\t\t<section class=\"elementor-section elementor-top-section elementor-element elementor-element-28d845cc elementor-section-boxed elementor-section-height-default elementor-section-height-default\" data-id=\"28d845cc\" data-element_type=\"section\" data-e-type=\"section\" data-settings=\"{&quot;background_background&quot;:&quot;classic&quot;}\">\n\t\t\t\t\t\t\t<div class=\"elementor-background-overlay\"><\/div>\n\t\t\t\t\t\t\t<div class=\"elementor-container elementor-column-gap-default\">\n\t\t\t\t\t<div class=\"elementor-column elementor-col-100 elementor-top-column elementor-element elementor-element-12576487\" data-id=\"12576487\" data-element_type=\"column\" data-e-type=\"column\">\n\t\t\t<div class=\"elementor-widget-wrap elementor-element-populated\">\n\t\t\t\t\t\t<div class=\"elementor-element elementor-element-3fa10000 elementor-widget elementor-widget-elementskit-heading\" data-id=\"3fa10000\" data-element_type=\"widget\" data-e-type=\"widget\" data-widget_type=\"elementskit-heading.default\">\n\t\t\t\t<div class=\"elementor-widget-container\">\n\t\t\t\t\t<div class=\"ekit-wid-con\" ><div class=\"ekit-heading elementskit-section-title-wraper text_left   ekit_heading_tablet-   ekit_heading_mobile-\"><h1 class=\"ekit-heading--title elementskit-section-title\">Sitio web - Condiciones generales<\/h1><\/div><\/div>\t\t\t\t<\/div>\n\t\t\t\t<\/div>\n\t\t\t\t\t<\/div>\n\t\t<\/div>\n\t\t\t\t\t<\/div>\n\t\t<\/section>\n\t\t<div class=\"elementor-element elementor-element-1b4810e e-flex e-con-boxed e-con e-parent\" data-id=\"1b4810e\" data-element_type=\"container\" data-e-type=\"container\">\n\t\t\t\t\t<div class=\"e-con-inner\">\n\t\t\t\t<div class=\"elementor-element elementor-element-be63aa4 elementor-widget elementor-widget-text-editor\" data-id=\"be63aa4\" data-element_type=\"widget\" data-e-type=\"widget\" data-widget_type=\"text-editor.default\">\n\t\t\t\t<div class=\"elementor-widget-container\">\n\t\t\t\t\t\t\t\t\t<h2>\u00a0<b>Condiciones generales<\/b><\/h2><p><span style=\"font-weight: 400;\">Este sitio web fue creado, es propiedad y est\u00e1 operado por la entidad responsable Jos\u00e9 Padr\u00e3o Mendes Unipessoal Lda, representante legal de la marca Neuropsyque, con n\u00famero de IVA 517594056, con sede en Rua Dr Bastos Gon\u00e7alves 5B R\/C, 1600-898 Lisboa, Registro ERS E176824, (en adelante \"NeuroPsyque\"), y su uso se rige por estas Condiciones de Uso.<\/span><\/p><p><span style=\"font-weight: 400;\">Neuropsyque es una cl\u00ednica m\u00e9dica dirigida por Jos\u00e9 Padr\u00e3o Mendes Unipessoal Lda, cuya actividad principal es la gesti\u00f3n de la prestaci\u00f3n sanitaria.<\/span><\/p><h3><b>Aceptaci\u00f3n de las condiciones de uso<\/b><\/h3><p><span style=\"font-weight: 400;\">El usuario del Sitio (en lo sucesivo, el \"Usuario\") reconoce que, al utilizar este Sitio, acepta las presentes Condiciones de uso.<\/span><\/p><h3><b>Cambios en las condiciones de uso<\/b><\/h3><p><span style=\"font-weight: 400;\">NeuroPsyque se reserva el derecho, en cualquier momento, sin previo aviso y con efecto inmediato, de modificar, a\u00f1adir, actualizar o eliminar, en parte o en su totalidad, estas Condiciones de Uso. El usuario debe comprobar peri\u00f3dicamente estas Condiciones de uso para confirmar si se han realizado actualizaciones o cambios. Si no est\u00e1 de acuerdo con alguna de las normas de uso, no debe utilizar el Sitio.<\/span><\/p><h3><b>Acceso al sitio<\/b><\/h3><p><span style=\"font-weight: 400;\">El acceso al Sitio no est\u00e1 sujeto a registro. NeuroPsyque tiene el derecho exclusivo, en cualquier momento, de suspender, parcial o totalmente, el acceso al Sitio, en particular para las operaciones de gesti\u00f3n, mantenimiento, reparaci\u00f3n, alteraci\u00f3n o modernizaci\u00f3n, y de poner fin, de forma permanente o temporal, parcial o totalmente, en cualquier momento, de acuerdo con sus deseos, al Sitio o a cualquiera de los servicios, sin previo aviso.<\/span><\/p><h3><b>Uso del sitio web<\/b><\/h3><p><span style=\"font-weight: 400;\">El uso del Sitio est\u00e1 sujeto al cumplimiento de las siguientes normas:<\/span><\/p><p><span style=\"font-weight: 400;\">No utilice el Sitio para enviar o poner a disposici\u00f3n cualquier contenido que sea ilegal, falso, enga\u00f1oso, amenazante, malicioso, abusivo, difamatorio, insultante, invasivo de la privacidad, racial, \u00e9tica o moralmente reprobable, perjudicial u ofensivo para la dignidad de las personas o perjudicial para los menores, o que pueda afectar negativamente a la marca o la imagen de la cl\u00ednica NeuroPsyque;<\/span><\/p><p><span style=\"font-weight: 400;\">No utilice el Sitio para enviar o poner a disposici\u00f3n informaci\u00f3n o contenidos que pertenezcan a terceros y que usted no tenga derecho a utilizar, como contenidos protegidos por derechos de autor de terceros o contenidos que contengan datos personales de terceros;<\/span><\/p><p><span style=\"font-weight: 400;\">No utilice el Sitio para poner a disposici\u00f3n o transmitir cualquier tipo de material que contenga o pueda contener virus, gusanos, defectos, troyanos u otros elementos o c\u00f3digos inform\u00e1ticos, archivos o programas que puedan interrumpir, destruir o limitar la funcionalidad de cualquier equipo o sistema inform\u00e1tico (hardware o software) o equipo de comunicaciones;\u00a0<\/span><\/p><p><span style=\"font-weight: 400;\">No utilice ni explote el Sitio web, incluidos sus contenidos, materiales, funcionalidades o recursos, con fines comerciales o de forma remunerada. En particular, no podr\u00e1 promocionar ni publicitar ninguna marca, producto o servicio en el Sitio web, como por ejemplo mediante ofertas de venta, solicitudes de patrocinio o la promoci\u00f3n de concursos.<\/span><\/p><p><span style=\"font-weight: 400;\">No elimine los avisos de copyright, marca registrada o derechos de propiedad;<\/span><\/p><p><span style=\"font-weight: 400;\">No se haga pasar por alguien o alguna entidad, incluyendo pero no limitado a un administrador de la cl\u00ednica NeuroPsyque, guiar o recibir a alguien como si fuera un anfitri\u00f3n, o falsamente testificar parentesco o conexi\u00f3n con alguien;<\/span><\/p><p><span style=\"font-weight: 400;\">No publique ni transmita contenidos no solicitados ni autorizados como SPAM.<\/span><\/p><p><span style=\"font-weight: 400;\">No recopile, almacene, ponga a disposici\u00f3n, transmita, explote o reproduzca informaci\u00f3n sobre otros usuarios (incluidos nombres de usuario y\/o direcciones de correo electr\u00f3nico) con fines no autorizados.<\/span><\/p><p><span style=\"font-weight: 400;\">En general, el Usuario deber\u00e1 utilizar el Sitio Web de forma responsable, prudente y cuidadosa y no deber\u00e1 perturbar o degradar la continuidad, integridad y calidad de sus recursos y funcionalidades. El Usuario reconoce que la utilizaci\u00f3n del Sitio Web se realiza por su propia cuenta y riesgo y que es el \u00fanico responsable de cualquier da\u00f1o causado a su sistema y\/o equipo inform\u00e1tico o de cualquier otro da\u00f1o o perjuicio, incluida la p\u00e9rdida o da\u00f1o de datos, resultante de la utilizaci\u00f3n de materiales, contenidos o informaci\u00f3n obtenidos de cualquier forma a trav\u00e9s del Sitio Web.<\/span><\/p><h3><b>Derechos de propiedad intelectual<\/b><\/h3><p><span style=\"font-weight: 400;\">El Usuario reconoce que el Sitio, su estructura y dise\u00f1o, la selecci\u00f3n, organizaci\u00f3n y presentaci\u00f3n de sus contenidos, incluidas sus funcionalidades y el software utilizado en el mismo, as\u00ed como las marcas, logotipos y s\u00edmbolos que aparecen en el Sitio, son propiedad de Neuropsyque o han sido debidamente licenciados a su favor.<\/span><\/p><p><span style=\"font-weight: 400;\">Adem\u00e1s, el Usuario reconoce que el contenido de este Sitio (textos, im\u00e1genes, gr\u00e1ficos, sonido y animaci\u00f3n, as\u00ed como cualquier otra informaci\u00f3n puesta a su disposici\u00f3n) est\u00e1 protegido por derechos de propiedad intelectual y se compromete a respetar dichos derechos.<\/span><\/p><p><span style=\"font-weight: 400;\">Corresponde a NeuroPsyque la gesti\u00f3n del dise\u00f1o, presentaci\u00f3n y ordenaci\u00f3n de toda la informaci\u00f3n, contenidos y materiales del Sitio, por lo que Neuropsyque podr\u00e1 realizar, en cualquier momento, actualizaciones, modificaciones o eliminaci\u00f3n de cualquier contenido, servicios, opciones o funcionalidades, as\u00ed como modificar su presentaci\u00f3n y configuraci\u00f3n y cambiar sus URLs.<\/span><\/p><p><span style=\"font-weight: 400;\">El Usuario no est\u00e1 autorizado a transmitir, comunicar al p\u00fablico, publicar, poner a disposici\u00f3n del p\u00fablico, modificar, transformar, copiar, vender, utilizar o distribuir, de cualquier manera, los textos, im\u00e1genes u otra informaci\u00f3n contenida en este Sitio o parte del Sitio sin la autorizaci\u00f3n previa y por escrito de Neuropsyque. El uso de marcas y logotipos en este Sitio, as\u00ed como la disponibilidad de materiales y productos en el Sitio, no otorgan, y no pueden interpretarse como una concesi\u00f3n de permiso a los Usuarios para utilizar, directa o indirectamente, dichas marcas, logotipos o materiales.<\/span><\/p><h3><b>Datos personales<\/b><\/h3><p><span style=\"font-weight: 400;\">El uso de este sitio web no implica necesariamente el suministro de datos personales. No obstante, si desea solicitar contacto y aclaraciones, presentar una queja o hacer comentarios o sugerencias, deber\u00e1 facilitarnos determinada informaci\u00f3n, incluido su nombre y datos de contacto, que se tratar\u00e1 de acuerdo con los t\u00e9rminos establecidos en la Pol\u00edtica de privacidad, disponible en este sitio web.<\/span><\/p><h3><b>Informaci\u00f3n<\/b><\/h3><p><span style=\"font-weight: 400;\">La informaci\u00f3n proporcionada en el Sitio tiene como finalidad esencial aclarar e informar a los Usuarios sobre aspectos relativos a la actividad y servicios prestados por Neuropsyque, as\u00ed como de los productos que promociona y\/o comercializa.<\/span><\/p><h3><b>Responsabilidad y garant\u00edas<\/b><\/h3><p><span style=\"font-weight: 400;\">El Sitio ha sido desarrollado por Neuropsyque teniendo en cuenta los intereses de sus Usuarios, con el objetivo de dar a conocer e informar al p\u00fablico de su actividad, concretamente en la prestaci\u00f3n de asistencia sanitaria. Sin embargo, no podemos garantizar que el Sitio o cualquier funcionalidad disponible en \u00e9l satisfaga las necesidades y expectativas que usted pueda tener o que sirva para sus fines espec\u00edficos. En particular, la informaci\u00f3n disponible en el Sitio no constituye asesoramiento m\u00e9dico, por lo que se aconseja buscar el consejo de un profesional debidamente cualificado siempre que el Usuario requiera un asesoramiento m\u00e1s espec\u00edfico.<\/span><\/p><p><span style=\"font-weight: 400;\">Neuropsyque tampoco lo garantiza:<\/span><\/p><p><span style=\"font-weight: 400;\">Los resultados obtenidos mediante el uso del Sitio sean correctos, veraces, adecuados o fiables;<\/span><\/p><p><span style=\"font-weight: 400;\">Cualquier consejo, recomendaci\u00f3n o informaci\u00f3n, de cualquier tipo, de la que Neuropsyque sea responsable, presentada o puesta a disposici\u00f3n en el Sitio, u obtenida a trav\u00e9s de su uso, sea actual, precisa, completa o libre de errores - Neuropsyque informa que no asume ning\u00fan deber legal al respecto;<\/span><\/p><p><span style=\"font-weight: 400;\">Cualquier material u otro tipo de contenido puesto a disposici\u00f3n por terceros a trav\u00e9s del Sitio Web es seguro, legal o apropiado;<\/span><\/p><p><span style=\"font-weight: 400;\">Las cualidades, funcionalidades o caracter\u00edsticas de los productos, servicios, informaci\u00f3n u otros materiales o contenidos divulgados en el Sitio cumplen con las expectativas de los usuarios. Neuropsyque no se hace responsable de los errores que puedan producirse debido a irregularidades del sistema, fallos (temporales o permanentes) del Sitio, aplicaciones u otras herramientas.<\/span><\/p><p><span style=\"font-weight: 400;\">\u00a0Neuropsyque no ser\u00e1 responsable de los da\u00f1os resultantes de un uso inadecuado o de la imposibilidad de utilizar el Sitio.<\/span><\/p><h3><b>Enlaces a sitios de terceros<\/b><\/h3><p><span style=\"font-weight: 400;\">Neuropsyque puede proporcionar enlaces a p\u00e1ginas pertenecientes a otras organizaciones. Estas p\u00e1ginas no son propiedad, ni est\u00e1n gestionadas, ni controladas por Neuropsyque y Neuropsyque no se responsabiliza, aprueba, ni suscribe en modo alguno el contenido de dichas p\u00e1ginas o de las p\u00e1ginas enlazadas o referenciadas en las mismas. El establecimiento de enlaces no implica, por regla general, la existencia de relaciones entre Neuropsyque y el propietario o gestor de la p\u00e1gina web a la que se refiera el enlace.<\/span><\/p><p><span style=\"font-weight: 400;\">En virtud de lo anterior, Neuropsyque no se hace responsable de la licitud, fiabilidad y calidad de los contenidos all\u00ed disponibles, ni del cumplimiento de la normativa legal aplicable a los contenidos all\u00ed disponibles, siendo exclusiva responsabilidad de los Usuarios la utilizaci\u00f3n de tales enlaces.<\/span><\/p><h3><b>Seguridad<\/b><\/h3><p><span style=\"font-weight: 400;\">Neuropsyque no garantiza que el Sitio funcione ininterrumpidamente, est\u00e9 libre de errores o fallos o que est\u00e9 disponible de forma continua.<\/span><\/p><p><span style=\"font-weight: 400;\">Neuropsyque hace todo lo posible para que el Sitio no contenga virus u otros elementos que puedan da\u00f1ar su ordenador o dispositivo m\u00f3vil. Sin embargo, dado que Neuropsyque no puede controlar totalmente la circulaci\u00f3n de informaci\u00f3n a trav\u00e9s de Internet, no puede garantizar que no contenga virus u otros elementos que puedan da\u00f1ar su ordenador o dispositivo m\u00f3vil.<\/span><\/p><p><span style=\"font-weight: 400;\">Con el fin de garantizar la seguridad del Sitio, Neuropsyque podr\u00e1, en cualquier momento y sin previo aviso, adoptar las medidas necesarias para garantizar la integridad, seguridad, continuidad o calidad del Sitio, incluyendo restricciones o limitaciones de acceso.<\/span><\/p><h3><b>Validez de las condiciones de uso<\/b><\/h3><p><span style=\"font-weight: 400;\">Si alguna parte o disposici\u00f3n de estas Condiciones de uso es inaplicable o entra en conflicto con la legislaci\u00f3n aplicable, la validez de las partes o disposiciones restantes no se ver\u00e1 afectada.<\/span><\/p><h3><b>Preguntas<\/b><\/h3><p><span style=\"font-weight: 400;\">Si tiene alguna pregunta sobre estas Condiciones de uso, env\u00edenos su consulta a trav\u00e9s del formulario de contacto con el asunto \"Protecci\u00f3n de datos\" o por carta a Rua Dr Bastos Gon\u00e7alves 5B R\/C, 1600-898 Lisboa.<\/span><\/p><h3><b>Legislaci\u00f3n aplicable<\/b><\/h3><p><span style=\"font-weight: 400;\">La legislaci\u00f3n portuguesa se aplicar\u00e1 a la gesti\u00f3n, administraci\u00f3n, uso y aplicaci\u00f3n de las Condiciones de Uso del Sitio Web.<\/span><\/p><h3><b>Jurisdicci\u00f3n<\/b><\/h3><p><span style=\"font-weight: 400;\">Para resolver todas las cuestiones y litigios que puedan surgir en relaci\u00f3n con las presentes Condiciones, se aplicar\u00e1 la jurisdicci\u00f3n exclusiva del Tribunal de Distrito de Lisboa, con renuncia expresa a cualquier otro fuero.<\/span><\/p><p><span style=\"font-weight: 400;\">Fecha de la \u00faltima actualizaci\u00f3n: 19 de mayo de 2025<\/span><\/p>\t\t\t\t\t\t\t\t<\/div>\n\t\t\t\t<\/div>\n\t\t\t\t\t<\/div>\n\t\t\t\t<\/div>\n\t\t\t\t<\/div>","protected":false},"excerpt":{"rendered":"<p>Website &#8211; Termos e Condi\u00e7\u00f5es \u00a0Termos e Condi\u00e7\u00f5es O presente Site foi criado, pertence e \u00e9 operado pela entidade respons\u00e1vel Jos\u00e9 Padr\u00e3o Mendes Unipessoal Lda, representante legal da marca Neuropsyque, com o NIF 517594056, sediada na Rua Dr. Bastos Gon\u00e7alves 5B R\/C, 1600-898 Lisboa, Registo ERS E176824, (doravante designada por \u201cNeuroPsyque\u201d), regendo-se a sua utiliza\u00e7\u00e3o [&hellip;]<\/p>\n","protected":false},"author":1,"featured_media":0,"parent":0,"menu_order":0,"comment_status":"closed","ping_status":"closed","template":"elementor_header_footer","meta":{"footnotes":""},"class_list":["post-2213","page","type-page","status-publish","hentry"],"aioseo_notices":[],"_hostinger_reach_plugin_has_subscription_block":false,"_hostinger_reach_plugin_is_elementor":false,"_links":{"self":[{"href":"https:\/\/neuropsiquiatria.pt\/es\/wp-json\/wp\/v2\/pages\/2213","targetHints":{"allow":["GET"]}}],"collection":[{"href":"https:\/\/neuropsiquiatria.pt\/es\/wp-json\/wp\/v2\/pages"}],"about":[{"href":"https:\/\/neuropsiquiatria.pt\/es\/wp-json\/wp\/v2\/types\/page"}],"author":[{"embeddable":true,"href":"https:\/\/neuropsiquiatria.pt\/es\/wp-json\/wp\/v2\/users\/1"}],"replies":[{"embeddable":true,"href":"https:\/\/neuropsiquiatria.pt\/es\/wp-json\/wp\/v2\/comments?post=2213"}],"version-history":[{"count":10,"href":"https:\/\/neuropsiquiatria.pt\/es\/wp-json\/wp\/v2\/pages\/2213\/revisions"}],"predecessor-version":[{"id":2236,"href":"https:\/\/neuropsiquiatria.pt\/es\/wp-json\/wp\/v2\/pages\/2213\/revisions\/2236"}],"wp:attachment":[{"href":"https:\/\/neuropsiquiatria.pt\/es\/wp-json\/wp\/v2\/media?parent=2213"}],"curies":[{"name":"wp","href":"https:\/\/api.w.org\/{rel}","templated":true}]}}