{"id":968,"date":"2025-04-17T17:55:20","date_gmt":"2025-04-17T16:55:20","guid":{"rendered":"https:\/\/neuropsiquiatria.pt\/?page_id=968"},"modified":"2026-03-10T13:33:21","modified_gmt":"2026-03-10T13:33:21","slug":"o-nascimento","status":"publish","type":"page","link":"https:\/\/neuropsiquiatria.pt\/en\/o-nascimento\/","title":{"rendered":"Birth"},"content":{"rendered":"<div data-elementor-type=\"wp-page\" data-elementor-id=\"968\" class=\"elementor elementor-968\" data-elementor-post-type=\"page\">\n\t\t\t\t<div class=\"elementor-element elementor-element-005115b e-flex e-con-boxed e-con e-parent\" data-id=\"005115b\" data-element_type=\"container\" data-e-type=\"container\">\n\t\t\t\t\t<div class=\"e-con-inner\">\n\t\t\t\t<div class=\"elementor-element elementor-element-931c2c7 elementor-widget elementor-widget-html\" data-id=\"931c2c7\" data-element_type=\"widget\" data-e-type=\"widget\" data-widget_type=\"html.default\">\n\t\t\t\t<div class=\"elementor-widget-container\">\n\t\t\t\t\t<!DOCTYPE html>\r\n<html lang=\"pt-PT\">\r\n<head>\r\n  <meta charset=\"UTF-8\">\r\n  <meta name=\"viewport\" content=\"width=device-width, initial-scale=1.0\">\r\n  <title>Hero Section<\/title>\r\n  <style>\r\n    .page-hero { \r\n      position: relative;\r\n      isolation: isolate;\r\n      width: 100vw;\r\n      left: 50%;\r\n      right: 50%;\r\n      margin-left: -50vw;\r\n      margin-right: -50vw;\r\n\r\n      min-height: clamp(220px, 38vw, 380px);\r\n      display: flex;\r\n      align-items: center;\r\n      justify-content: center;\r\n      text-align: center;\r\n\r\n      background-image: url(\"https:\/\/neuropsiquiatria.pt\/wp-content\/uploads\/2025\/07\/Design-sem-nome-18-1.webp\"); \/* troque aqui se quiseres *\/\r\n      background-size: cover;\r\n      background-position: 50%;\r\n      background-repeat: no-repeat;\r\n    }\r\n\r\n    .page-hero::after {\r\n      content: \"\";\r\n      z-index: 0;\r\n      position: absolute;\r\n      inset: 0;\r\n      background: linear-gradient(180deg, rgba(0,0,0,.35), rgba(0,0,0,.35));\r\n    }\r\n\r\n    .page-hero .hero-content {\r\n      position: relative;\r\n      z-index: 1;\r\n      color: #fff;\r\n      padding: 60px 16px;\r\n    }\r\n\r\n    .page-hero .eyebrow {\r\n      margin: 0 0 8px 0;\r\n      color: #4ecdc4;\r\n      font-weight: 800;\r\n      letter-spacing: .18em;\r\n      text-transform: uppercase;\r\n      font-size: clamp(12px, 1.6vw, 19px);\r\n      opacity: 1;\r\n      text-shadow: 0 2px 6px rgba(0,0,0,0.4);\r\n    }\r\n\r\n    .page-hero .hero-title {\r\n      margin: 0;\r\n      color: #fff;\r\n      line-height: 1.15;\r\n      font-weight: 800;\r\n      font-size: clamp(26px, 5.2vw, 56px);\r\n      text-shadow: \r\n        0 3px 10px rgba(0,0,0,0.8), \/* sombra profunda *\/\r\n        0 0 15px rgba(255,255,255,0.6); \/* brilho suave *\/\r\n    }\r\n\r\n    @media (min-width: 1024px) {\r\n      body { background-size: 400px; }\r\n      .page-hero .hero-content { padding: 90px 24px; }\r\n    }\r\n  <\/style>\r\n<\/head>\r\n<body>\r\n  \r\n  <!-- Hero Section -->\r\n  <section class=\"page-hero\">\r\n    <div class=\"hero-content\">\r\n      <p class=\"eyebrow\">CLINIC<\/p>\r\n      <h1 class=\"hero-title\">NEUROPSYQUE<\/h1>\r\n    <\/div>\r\n  <\/section>\r\n\r\n<\/body>\r\n<\/html>\r\n\t\t\t\t<\/div>\n\t\t\t\t<\/div>\n\t\t\t\t\t<\/div>\n\t\t\t\t<\/div>\n\t\t<div class=\"elementor-element elementor-element-ca59793 e-flex e-con-boxed e-con e-parent\" data-id=\"ca59793\" data-element_type=\"container\" data-e-type=\"container\">\n\t\t\t\t\t<div class=\"e-con-inner\">\n\t\t\t\t<div class=\"elementor-element elementor-element-db90b04 elementor-hidden-desktop elementor-widget elementor-widget-heading\" data-id=\"db90b04\" data-element_type=\"widget\" data-e-type=\"widget\" data-widget_type=\"heading.default\">\n\t\t\t\t<div class=\"elementor-widget-container\">\n\t\t\t\t\t<h2 class=\"elementor-heading-title elementor-size-default\">Birth\n<hr style=\"border: none;height: 3px;background-color: #ffbc42;margin: 7px 0 20px 0;width: 100px\"><\/h2>\t\t\t\t<\/div>\n\t\t\t\t<\/div>\n\t\t\t\t\t<\/div>\n\t\t\t\t<\/div>\n\t\t\t\t<section class=\"elementor-section elementor-top-section elementor-element elementor-element-4514fde elementor-section-boxed elementor-section-height-default elementor-section-height-default\" data-id=\"4514fde\" data-element_type=\"section\" data-e-type=\"section\" data-settings=\"{&quot;background_background&quot;:&quot;classic&quot;}\">\n\t\t\t\t\t\t<div class=\"elementor-container elementor-column-gap-default\">\n\t\t\t\t\t<div class=\"elementor-column elementor-col-50 elementor-top-column elementor-element elementor-element-c40a968\" data-id=\"c40a968\" data-element_type=\"column\" data-e-type=\"column\" data-settings=\"{&quot;background_background&quot;:&quot;classic&quot;}\">\n\t\t\t<div class=\"elementor-widget-wrap elementor-element-populated\">\n\t\t\t\t\t\t<div class=\"elementor-element elementor-element-d4eba0b elementor-hidden-tablet elementor-hidden-mobile elementor-widget elementor-widget-spacer\" data-id=\"d4eba0b\" data-element_type=\"widget\" data-e-type=\"widget\" data-widget_type=\"spacer.default\">\n\t\t\t\t<div class=\"elementor-widget-container\">\n\t\t\t\t\t\t\t<div class=\"elementor-spacer\">\n\t\t\t<div class=\"elementor-spacer-inner\"><\/div>\n\t\t<\/div>\n\t\t\t\t\t\t<\/div>\n\t\t\t\t<\/div>\n\t\t\t\t<div class=\"elementor-element elementor-element-5a93422 elementor-widget elementor-widget-image\" data-id=\"5a93422\" data-element_type=\"widget\" data-e-type=\"widget\" data-widget_type=\"image.default\">\n\t\t\t\t<div class=\"elementor-widget-container\">\n\t\t\t\t\t\t\t\t\t\t\t\t\t\t\t<img fetchpriority=\"high\" decoding=\"async\" width=\"1080\" height=\"1088\" src=\"https:\/\/neuropsiquiatria.pt\/wp-content\/uploads\/2025\/07\/Design-sem-nome-17.webp\" class=\"attachment-full size-full wp-image-3038\" alt=\"\" srcset=\"https:\/\/neuropsiquiatria.pt\/wp-content\/uploads\/2025\/07\/Design-sem-nome-17.webp 1080w, https:\/\/neuropsiquiatria.pt\/wp-content\/uploads\/2025\/07\/Design-sem-nome-17-298x300.webp 298w, https:\/\/neuropsiquiatria.pt\/wp-content\/uploads\/2025\/07\/Design-sem-nome-17-1016x1024.webp 1016w, https:\/\/neuropsiquiatria.pt\/wp-content\/uploads\/2025\/07\/Design-sem-nome-17-150x150.webp 150w, https:\/\/neuropsiquiatria.pt\/wp-content\/uploads\/2025\/07\/Design-sem-nome-17-768x774.webp 768w, https:\/\/neuropsiquiatria.pt\/wp-content\/uploads\/2025\/07\/Design-sem-nome-17-12x12.webp 12w\" sizes=\"(max-width: 1080px) 100vw, 1080px\" \/>\t\t\t\t\t\t\t\t\t\t\t\t\t\t\t<\/div>\n\t\t\t\t<\/div>\n\t\t\t\t<div class=\"elementor-element elementor-element-980547b elementor-invisible elementor-widget elementor-widget-image\" data-id=\"980547b\" data-element_type=\"widget\" data-e-type=\"widget\" data-settings=\"{&quot;_animation&quot;:&quot;fadeInUp&quot;,&quot;_animation_delay&quot;:200}\" data-widget_type=\"image.default\">\n\t\t\t\t<div class=\"elementor-widget-container\">\n\t\t\t\t\t\t\t\t\t\t\t\t\t\t\t<img decoding=\"async\" width=\"2560\" height=\"1946\" src=\"https:\/\/neuropsiquiatria.pt\/wp-content\/uploads\/2025\/04\/Design-sem-nome-8-scaled.jpg\" class=\"attachment-full size-full wp-image-1813\" alt=\"\" srcset=\"https:\/\/neuropsiquiatria.pt\/wp-content\/uploads\/2025\/04\/Design-sem-nome-8-scaled.jpg 2560w, https:\/\/neuropsiquiatria.pt\/wp-content\/uploads\/2025\/04\/Design-sem-nome-8-300x228.jpg 300w, https:\/\/neuropsiquiatria.pt\/wp-content\/uploads\/2025\/04\/Design-sem-nome-8-1024x778.jpg 1024w, https:\/\/neuropsiquiatria.pt\/wp-content\/uploads\/2025\/04\/Design-sem-nome-8-768x584.jpg 768w, https:\/\/neuropsiquiatria.pt\/wp-content\/uploads\/2025\/04\/Design-sem-nome-8-1536x1167.jpg 1536w, https:\/\/neuropsiquiatria.pt\/wp-content\/uploads\/2025\/04\/Design-sem-nome-8-2048x1556.jpg 2048w, https:\/\/neuropsiquiatria.pt\/wp-content\/uploads\/2025\/04\/Design-sem-nome-8-16x12.jpg 16w\" sizes=\"(max-width: 2560px) 100vw, 2560px\" \/>\t\t\t\t\t\t\t\t\t\t\t\t\t\t\t<\/div>\n\t\t\t\t<\/div>\n\t\t\t\t\t<\/div>\n\t\t<\/div>\n\t\t\t\t<div class=\"elementor-column elementor-col-50 elementor-top-column elementor-element elementor-element-a464614\" data-id=\"a464614\" data-element_type=\"column\" data-e-type=\"column\">\n\t\t\t<div class=\"elementor-widget-wrap elementor-element-populated\">\n\t\t\t\t\t\t<div class=\"elementor-element elementor-element-1580bd5 elementor-hidden-mobile elementor-hidden-tablet elementor-invisible elementor-widget elementor-widget-heading\" data-id=\"1580bd5\" data-element_type=\"widget\" data-e-type=\"widget\" data-settings=\"{&quot;_animation&quot;:&quot;fadeInUp&quot;,&quot;_animation_delay&quot;:200}\" data-widget_type=\"heading.default\">\n\t\t\t\t<div class=\"elementor-widget-container\">\n\t\t\t\t\t<h2 class=\"elementor-heading-title elementor-size-default\">Birth\n <hr style=\"border: none;height: 3px;background-color: #ffbc42;margin: 7px 0 20px 0;width: 100px\"><\/h2>\t\t\t\t<\/div>\n\t\t\t\t<\/div>\n\t\t\t\t<section class=\"elementor-section elementor-inner-section elementor-element elementor-element-7fadb0e elementor-section-boxed elementor-section-height-default elementor-section-height-default\" data-id=\"7fadb0e\" data-element_type=\"section\" data-e-type=\"section\">\n\t\t\t\t\t\t<div class=\"elementor-container elementor-column-gap-default\">\n\t\t\t\t\t<div class=\"elementor-column elementor-col-100 elementor-inner-column elementor-element elementor-element-4e44284\" data-id=\"4e44284\" data-element_type=\"column\" data-e-type=\"column\">\n\t\t\t<div class=\"elementor-widget-wrap elementor-element-populated\">\n\t\t\t\t\t\t<div class=\"elementor-element elementor-element-523940c elementor-widget elementor-widget-text-editor\" data-id=\"523940c\" data-element_type=\"widget\" data-e-type=\"widget\" data-widget_type=\"text-editor.default\">\n\t\t\t\t<div class=\"elementor-widget-container\">\n\t\t\t\t\t\t\t\t\t<p><span style=\"font-weight: 400;\">NeuroPsyque is a pioneering clinic in Portugal with the aim of bringing integrated, personalised, person-centred medicine to the Portuguese people.\u00a0<\/span><\/p><p><span style=\"font-weight: 400;\">We treat neuropsychiatric, neurological and psychological problems, but above all we treat the person. By focusing on a specialised, person-centred service, we have at our disposal the latest technologies, therapeutic techniques and scientific studies to offer an approach that maximises the well-being of all those who come to us.<\/span><\/p><p><span style=\"font-weight: 400;\">The complex nature of the individual means that different and adapted treatments have to be used, even when we're talking about the same pathology.<\/span><\/p><p><span style=\"font-weight: 400;\">The Neuropsyque clinic therefore has three main objectives:\u00a0<\/span><\/p>\t\t\t\t\t\t\t\t<\/div>\n\t\t\t\t<\/div>\n\t\t\t\t<div class=\"elementor-element elementor-element-dbdddc7 elementor-icon-list--layout-traditional elementor-list-item-link-full_width elementor-widget elementor-widget-icon-list\" data-id=\"dbdddc7\" data-element_type=\"widget\" data-e-type=\"widget\" data-widget_type=\"icon-list.default\">\n\t\t\t\t<div class=\"elementor-widget-container\">\n\t\t\t\t\t\t\t<ul class=\"elementor-icon-list-items\">\n\t\t\t\t\t\t\t<li class=\"elementor-icon-list-item\">\n\t\t\t\t\t\t\t\t\t\t\t<span class=\"elementor-icon-list-icon\">\n\t\t\t\t\t\t\t<svg aria-hidden=\"true\" class=\"e-font-icon-svg e-fas-check-circle\" viewbox=\"0 0 512 512\" xmlns=\"http:\/\/www.w3.org\/2000\/svg\"><path d=\"M504 256c0 136.967-111.033 248-248 248S8 392.967 8 256 119.033 8 256 8s248 111.033 248 248zM227.314 387.314l184-184c6.248-6.248 6.248-16.379 0-22.627l-22.627-22.627c-6.248-6.249-16.379-6.249-22.628 0L216 308.118l-70.059-70.059c-6.248-6.248-16.379-6.248-22.628 0l-22.627 22.627c-6.248 6.248-6.248 16.379 0 22.627l104 104c6.249 6.249 16.379 6.249 22.628.001z\"><\/path><\/svg>\t\t\t\t\t\t<\/span>\n\t\t\t\t\t\t\t\t\t\t<span class=\"elementor-icon-list-text\">De-centring the focus on the disease and looking at the person as a whole<\/span>\n\t\t\t\t\t\t\t\t\t<\/li>\n\t\t\t\t\t\t\t\t<li class=\"elementor-icon-list-item\">\n\t\t\t\t\t\t\t\t\t\t\t<span class=\"elementor-icon-list-icon\">\n\t\t\t\t\t\t\t<svg aria-hidden=\"true\" class=\"e-font-icon-svg e-fas-check-circle\" viewbox=\"0 0 512 512\" xmlns=\"http:\/\/www.w3.org\/2000\/svg\"><path d=\"M504 256c0 136.967-111.033 248-248 248S8 392.967 8 256 119.033 8 256 8s248 111.033 248 248zM227.314 387.314l184-184c6.248-6.248 6.248-16.379 0-22.627l-22.627-22.627c-6.248-6.249-16.379-6.249-22.628 0L216 308.118l-70.059-70.059c-6.248-6.248-16.379-6.248-22.628 0l-22.627 22.627c-6.248 6.248-6.248 16.379 0 22.627l104 104c6.249 6.249 16.379 6.249 22.628.001z\"><\/path><\/svg>\t\t\t\t\t\t<\/span>\n\t\t\t\t\t\t\t\t\t\t<span class=\"elementor-icon-list-text\"><span>Offering solutions that don't just patch things up, but solve them - minimising the long-term use of and dependence on pharmacology, on medicines<\/span><\/span>\n\t\t\t\t\t\t\t\t\t<\/li>\n\t\t\t\t\t\t\t\t<li class=\"elementor-icon-list-item\">\n\t\t\t\t\t\t\t\t\t\t\t<span class=\"elementor-icon-list-icon\">\n\t\t\t\t\t\t\t<svg aria-hidden=\"true\" class=\"e-font-icon-svg e-fas-check-circle\" viewbox=\"0 0 512 512\" xmlns=\"http:\/\/www.w3.org\/2000\/svg\"><path d=\"M504 256c0 136.967-111.033 248-248 248S8 392.967 8 256 119.033 8 256 8s248 111.033 248 248zM227.314 387.314l184-184c6.248-6.248 6.248-16.379 0-22.627l-22.627-22.627c-6.248-6.249-16.379-6.249-22.628 0L216 308.118l-70.059-70.059c-6.248-6.248-16.379-6.248-22.628 0l-22.627 22.627c-6.248 6.248-6.248 16.379 0 22.627l104 104c6.249 6.249 16.379 6.249 22.628.001z\"><\/path><\/svg>\t\t\t\t\t\t<\/span>\n\t\t\t\t\t\t\t\t\t\t<span class=\"elementor-icon-list-text\"><span>Offering an alternative to 10-minute consultations - our consultations take around 45 minutes to an hour, and allow us to get to know the person, not just the patient<\/span><\/span>\n\t\t\t\t\t\t\t\t\t<\/li>\n\t\t\t\t\t\t<\/ul>\n\t\t\t\t\t\t<\/div>\n\t\t\t\t<\/div>\n\t\t\t\t\t<\/div>\n\t\t<\/div>\n\t\t\t\t\t<\/div>\n\t\t<\/section>\n\t\t\t\t\t<\/div>\n\t\t<\/div>\n\t\t\t\t\t<\/div>\n\t\t<\/section>\n\t\t<div class=\"elementor-element elementor-element-6c8e62f e-flex e-con-boxed e-con e-parent\" data-id=\"6c8e62f\" data-element_type=\"container\" data-e-type=\"container\">\n\t\t\t\t\t<div class=\"e-con-inner\">\n\t\t\t\t<div class=\"elementor-element elementor-element-72d5039 elementor-align-center elementor-widget elementor-widget-button\" data-id=\"72d5039\" data-element_type=\"widget\" data-e-type=\"widget\" data-widget_type=\"button.default\">\n\t\t\t\t<div class=\"elementor-widget-container\">\n\t\t\t\t\t\t\t\t\t<div class=\"elementor-button-wrapper\">\n\t\t\t\t\t<a class=\"elementor-button elementor-button-link elementor-size-sm\" href=\"https:\/\/neuropsiquiatria.pt\/en\/contactoselocalizacao\/\">\n\t\t\t\t\t\t<span class=\"elementor-button-content-wrapper\">\n\t\t\t\t\t\t<span class=\"elementor-button-icon\">\n\t\t\t\t<svg aria-hidden=\"true\" class=\"e-font-icon-svg e-far-calendar-alt\" viewbox=\"0 0 448 512\" xmlns=\"http:\/\/www.w3.org\/2000\/svg\"><path d=\"M148 288h-40c-6.6 0-12-5.4-12-12v-40c0-6.6 5.4-12 12-12h40c6.6 0 12 5.4 12 12v40c0 6.6-5.4 12-12 12zm108-12v-40c0-6.6-5.4-12-12-12h-40c-6.6 0-12 5.4-12 12v40c0 6.6 5.4 12 12 12h40c6.6 0 12-5.4 12-12zm96 0v-40c0-6.6-5.4-12-12-12h-40c-6.6 0-12 5.4-12 12v40c0 6.6 5.4 12 12 12h40c6.6 0 12-5.4 12-12zm-96 96v-40c0-6.6-5.4-12-12-12h-40c-6.6 0-12 5.4-12 12v40c0 6.6 5.4 12 12 12h40c6.6 0 12-5.4 12-12zm-96 0v-40c0-6.6-5.4-12-12-12h-40c-6.6 0-12 5.4-12 12v40c0 6.6 5.4 12 12 12h40c6.6 0 12-5.4 12-12zm192 0v-40c0-6.6-5.4-12-12-12h-40c-6.6 0-12 5.4-12 12v40c0 6.6 5.4 12 12 12h40c6.6 0 12-5.4 12-12zm96-260v352c0 26.5-21.5 48-48 48H48c-26.5 0-48-21.5-48-48V112c0-26.5 21.5-48 48-48h48V12c0-6.6 5.4-12 12-12h40c6.6 0 12 5.4 12 12v52h128V12c0-6.6 5.4-12 12-12h40c6.6 0 12 5.4 12 12v52h48c26.5 0 48 21.5 48 48zm-48 346V160H48v298c0 3.3 2.7 6 6 6h340c3.3 0 6-2.7 6-6z\"><\/path><\/svg>\t\t\t<\/span>\n\t\t\t\t\t\t\t\t\t<span class=\"elementor-button-text\">REQUEST A CONSULTATION<\/span>\n\t\t\t\t\t<\/span>\n\t\t\t\t\t<\/a>\n\t\t\t\t<\/div>\n\t\t\t\t\t\t\t\t<\/div>\n\t\t\t\t<\/div>\n\t\t\t\t\t<\/div>\n\t\t\t\t<\/div>\n\t\t<div class=\"elementor-element elementor-element-c2631b6 e-flex e-con-boxed e-con e-parent\" data-id=\"c2631b6\" data-element_type=\"container\" data-e-type=\"container\">\n\t\t\t\t\t<div class=\"e-con-inner\">\n\t\t\t\t<div class=\"elementor-element elementor-element-8780cf4 elementor-widget elementor-widget-html\" data-id=\"8780cf4\" data-element_type=\"widget\" data-e-type=\"widget\" data-widget_type=\"html.default\">\n\t\t\t\t<div class=\"elementor-widget-container\">\n\t\t\t\t\t<style>\r\n:root {\r\n  --primary-color: #0077b6; \/* Azul principal similar ao da imagem *\/\r\n  --secondary-color: #ffb703; \/* Amarelo\/dourado para destaque *\/\r\n  --text-light: #ffffff;\r\n  --text-dark: #333333;\r\n  --border-radius: 12px;\r\n  --box-shadow: 0 10px 20px rgba(0, 119, 182, 0.15);\r\n  --transition: all 0.3s ease;\r\n  --gold-shine-light: #fff6e0;\r\n  --gold-dark: #d4a017;\r\n  --gold-medium: #ffb703;\r\n}\r\n\r\n.mvv-container {\r\n  font-family: 'Montserrat', sans-serif;\r\n  max-width: 1200px;\r\n  margin: 0 auto;\r\n  padding: 20px;\r\n}\r\n\r\n\/* Se\u00e7\u00e3o Miss\u00e3o *\/\r\n.mission-section {\r\n  background: linear-gradient(135deg, var(--primary-color), #005f92);\r\n  color: var(--text-light);\r\n  border-radius: var(--border-radius);\r\n  padding: 40px;\r\n  margin-bottom: 30px;\r\n  box-shadow: var(--box-shadow);\r\n  position: relative;\r\n  overflow: hidden;\r\n}\r\n\r\n.mission-section::before {\r\n  content: '';\r\n  position: absolute;\r\n  top: -50px;\r\n  right: -50px;\r\n  width: 200px;\r\n  height: 200px;\r\n  background-color: rgba(255, 255, 255, 0.1);\r\n  border-radius: 50%;\r\n}\r\n\r\n\/* T\u00edtulo da Miss\u00e3o - Com efeito de ouro brilhante *\/\r\n.mission-section h2.mission-title {\r\n  font-size: 2.5rem;\r\n  font-weight: 700;\r\n  margin-bottom: 20px;\r\n  position: relative;\r\n  display: inline-block;\r\n  background: linear-gradient(\r\n    to right,\r\n    var(--gold-dark) 0%,\r\n    var(--gold-medium) 20%,\r\n    var(--gold-shine-light) 40%,\r\n    var(--gold-medium) 60%,\r\n    var(--gold-dark) 80%,\r\n    var(--gold-dark) 100%\r\n  );\r\n  background-size: 200% auto;\r\n  color: transparent !important;\r\n  -webkit-background-clip: text;\r\n  background-clip: text;\r\n  animation: shine 3s linear infinite;\r\n  text-shadow: 0 0 5px rgba(255, 183, 3, 0.3);\r\n}\r\n\r\n@keyframes shine {\r\n   from {\r\n    background-position: -200% center;\r\n  }\r\n  to {\r\n    background-position: 0% center;\r\n  }\r\n}\r\n\r\n.mission-text {\r\n  font-size: 1.1rem;\r\n  line-height: 1.7;\r\n  letter-spacing: 0.2px;\r\n}\r\n\r\n\/* Container para Vis\u00e3o e Valores *\/\r\n.vision-values-container {\r\n  display: flex;\r\n  gap: 30px;\r\n  margin-bottom: 40px;\r\n}\r\n\r\n@media (max-width: 768px) {\r\n  .vision-values-container {\r\n    flex-direction: column;\r\n  }\r\n}\r\n\r\n\/* Card Base *\/\r\n.mvv-card {\r\n  flex: 1;\r\n  background-color: white;\r\n  border-radius: var(--border-radius);\r\n  box-shadow: var(--box-shadow);\r\n  padding: 30px;\r\n  transition: var(--transition);\r\n}\r\n\r\n.mvv-card:hover {\r\n  transform: translateY(-5px);\r\n  box-shadow: 0 15px 30px rgba(0, 119, 182, 0.2);\r\n}\r\n\r\n.mvv-card h2.mvv-card-title {\r\n  color: var(--primary-color) !important;\r\n  font-size: 2rem;\r\n  font-weight: 700;\r\n  margin-bottom: 20px;\r\n  position: relative;\r\n  padding-bottom: 15px;\r\n}\r\n\r\n.mvv-card-title::after {\r\n  content: '';\r\n  position: absolute;\r\n  bottom: 0;\r\n  left: 0;\r\n  width: 60px;\r\n  height: 4px;\r\n  background-color: var(--secondary-color);\r\n  border-radius: 2px;\r\n}\r\n\r\n.mvv-card-text {\r\n  color: var(--text-dark);\r\n  font-size: 1rem;\r\n  line-height: 1.6;\r\n}\r\n\r\n\/* Se\u00e7\u00e3o Valores *\/\r\n.values-list {\r\n  display: flex;\r\n  flex-wrap: wrap;\r\n  gap: 15px;\r\n  margin-top: 20px;\r\n}\r\n\r\n.value-item {\r\n  display: flex;\r\n  align-items: center;\r\n  background-color: rgba(0, 119, 182, 0.08);\r\n  padding: 10px 15px;\r\n  border-radius: 50px;\r\n  transition: var(--transition);\r\n}\r\n\r\n.value-item:hover {\r\n  background-color: rgba(0, 119, 182, 0.15);\r\n  transform: translateY(-3px);\r\n}\r\n\r\n.value-icon {\r\n  color: var(--primary-color);\r\n  margin-right: 8px;\r\n  font-size: 1.2rem;\r\n  display: flex;\r\n  align-items: center;\r\n  justify-content: center;\r\n}\r\n\r\n.value-text {\r\n  font-weight: 500;\r\n  color: var(--primary-color);\r\n}\r\n<\/style>\r\n\r\n<div class=\"mvv-container\">\r\n  <!-- Se\u00e7\u00e3o de Miss\u00e3o -->\r\n  <div class=\"mission-section\">\r\n    <h2 class=\"mission-title\">Mission<\/h2>\r\n    <p class=\"mission-text\">\r\n      Offering excellent care, humanising medicine and treating the whole person. We develop lasting relationships that heal, based on trust, patience and care. We act with high ethical and professional standards, putting the needs of those who come to us first, with constant attention to their individuality and needs.\r\n    <\/p>\r\n  <\/div>\r\n  \r\n  <!-- Container para Vis\u00e3o e Valores -->\r\n  <div class=\"vision-values-container\">\r\n    <!-- Card de Vis\u00e3o -->\r\n    <div class=\"mvv-card\">\r\n      <h2 class=\"mvv-card-title\">Vision<\/h2>\r\n      <p class=\"mvv-card-text\">\r\n        We believe that each person is unique, with their own life story and a unique set of biological, psychological and social factors that influence their mental health. Our approach to brain and mind wellbeing recognises this complexity, offering personalised care that goes beyond the conventional medication-only model.\r\n      <\/p>\r\n    <\/div>\r\n    \r\n    <!-- Card de Valores -->\r\n    <div class=\"mvv-card\">\r\n      <h2 class=\"mvv-card-title\">Values<\/h2>\r\n      <div class=\"values-list\">\r\n        <div class=\"value-item\">\r\n          <span class=\"value-icon\">\u2713<\/span>\r\n          <span class=\"value-text\">Integrity<\/span>\r\n        <\/div>\r\n        <div class=\"value-item\">\r\n          <span class=\"value-icon\">\u2713<\/span>\r\n          <span class=\"value-text\">Confidence<\/span>\r\n        <\/div>\r\n        <div class=\"value-item\">\r\n          <span class=\"value-icon\">\u2713<\/span>\r\n          <span class=\"value-text\">Loyalty<\/span>\r\n        <\/div>\r\n        <div class=\"value-item\">\r\n          <span class=\"value-icon\">\u2713<\/span>\r\n          <span class=\"value-text\">Patience<\/span>\r\n        <\/div>\r\n        <div class=\"value-item\">\r\n          <span class=\"value-icon\">\u2713<\/span>\r\n          <span class=\"value-text\">Watch out<\/span>\r\n        <\/div>\r\n        <div class=\"value-item\">\r\n          <span class=\"value-icon\">\u2713<\/span>\r\n          <span class=\"value-text\">Personalisation<\/span>\r\n        <\/div>\r\n        <div class=\"value-item\">\r\n          <span class=\"value-icon\">\u2713<\/span>\r\n          <span class=\"value-text\">Minutia<\/span>\r\n        <\/div>\r\n        <div class=\"value-item\">\r\n          <span class=\"value-icon\">\u2713<\/span>\r\n          <span class=\"value-text\">Service<\/span>\r\n        <\/div>\r\n      <\/div>\r\n    <\/div>\r\n  <\/div>\r\n<\/div>\t\t\t\t<\/div>\n\t\t\t\t<\/div>\n\t\t\t\t\t<\/div>\n\t\t\t\t<\/div>\n\t\t<div class=\"elementor-element elementor-element-0618a98 e-flex e-con-boxed e-con e-parent\" data-id=\"0618a98\" data-element_type=\"container\" data-e-type=\"container\">\n\t\t\t\t\t<div class=\"e-con-inner\">\n\t\t\t\t<div class=\"elementor-element elementor-element-609278b elementor-align-center elementor-widget elementor-widget-button\" data-id=\"609278b\" data-element_type=\"widget\" data-e-type=\"widget\" data-widget_type=\"button.default\">\n\t\t\t\t<div class=\"elementor-widget-container\">\n\t\t\t\t\t\t\t\t\t<div class=\"elementor-button-wrapper\">\n\t\t\t\t\t<a class=\"elementor-button elementor-button-link elementor-size-sm\" href=\"https:\/\/neuropsiquiatria.pt\/en\/contactoselocalizacao\/\">\n\t\t\t\t\t\t<span class=\"elementor-button-content-wrapper\">\n\t\t\t\t\t\t<span class=\"elementor-button-icon\">\n\t\t\t\t<svg aria-hidden=\"true\" class=\"e-font-icon-svg e-far-calendar-alt\" viewbox=\"0 0 448 512\" xmlns=\"http:\/\/www.w3.org\/2000\/svg\"><path d=\"M148 288h-40c-6.6 0-12-5.4-12-12v-40c0-6.6 5.4-12 12-12h40c6.6 0 12 5.4 12 12v40c0 6.6-5.4 12-12 12zm108-12v-40c0-6.6-5.4-12-12-12h-40c-6.6 0-12 5.4-12 12v40c0 6.6 5.4 12 12 12h40c6.6 0 12-5.4 12-12zm96 0v-40c0-6.6-5.4-12-12-12h-40c-6.6 0-12 5.4-12 12v40c0 6.6 5.4 12 12 12h40c6.6 0 12-5.4 12-12zm-96 96v-40c0-6.6-5.4-12-12-12h-40c-6.6 0-12 5.4-12 12v40c0 6.6 5.4 12 12 12h40c6.6 0 12-5.4 12-12zm-96 0v-40c0-6.6-5.4-12-12-12h-40c-6.6 0-12 5.4-12 12v40c0 6.6 5.4 12 12 12h40c6.6 0 12-5.4 12-12zm192 0v-40c0-6.6-5.4-12-12-12h-40c-6.6 0-12 5.4-12 12v40c0 6.6 5.4 12 12 12h40c6.6 0 12-5.4 12-12zm96-260v352c0 26.5-21.5 48-48 48H48c-26.5 0-48-21.5-48-48V112c0-26.5 21.5-48 48-48h48V12c0-6.6 5.4-12 12-12h40c6.6 0 12 5.4 12 12v52h128V12c0-6.6 5.4-12 12-12h40c6.6 0 12 5.4 12 12v52h48c26.5 0 48 21.5 48 48zm-48 346V160H48v298c0 3.3 2.7 6 6 6h340c3.3 0 6-2.7 6-6z\"><\/path><\/svg>\t\t\t<\/span>\n\t\t\t\t\t\t\t\t\t<span class=\"elementor-button-text\">REQUEST A CONSULTATION<\/span>\n\t\t\t\t\t<\/span>\n\t\t\t\t\t<\/a>\n\t\t\t\t<\/div>\n\t\t\t\t\t\t\t\t<\/div>\n\t\t\t\t<\/div>\n\t\t\t\t\t<\/div>\n\t\t\t\t<\/div>\n\t\t\t\t<\/div>","protected":false},"excerpt":{"rendered":"<p>Hero Section CL\u00cdNICA NEUROPSYQUE O Nascimento O Nascimento A NeuroPsyque \u00e9 uma cl\u00ednica pioneira em Portugal, que surge com o objetivo de trazer aos Portugueses uma medicina integrada e personalizada, centrada na pessoa.\u00a0 Tratamos problemas neuropsiqui\u00e1tricos, neurol\u00f3gicos e psicol\u00f3gicos, mas tratamos acima de tudo a pessoa. Apostando num servi\u00e7o especializado, centrado na pessoa, temos ao [&hellip;]<\/p>\n","protected":false},"author":1,"featured_media":0,"parent":0,"menu_order":0,"comment_status":"closed","ping_status":"closed","template":"elementor_header_footer","meta":{"footnotes":""},"class_list":["post-968","page","type-page","status-publish","hentry"],"aioseo_notices":[],"_hostinger_reach_plugin_has_subscription_block":false,"_hostinger_reach_plugin_is_elementor":false,"_links":{"self":[{"href":"https:\/\/neuropsiquiatria.pt\/en\/wp-json\/wp\/v2\/pages\/968","targetHints":{"allow":["GET"]}}],"collection":[{"href":"https:\/\/neuropsiquiatria.pt\/en\/wp-json\/wp\/v2\/pages"}],"about":[{"href":"https:\/\/neuropsiquiatria.pt\/en\/wp-json\/wp\/v2\/types\/page"}],"author":[{"embeddable":true,"href":"https:\/\/neuropsiquiatria.pt\/en\/wp-json\/wp\/v2\/users\/1"}],"replies":[{"embeddable":true,"href":"https:\/\/neuropsiquiatria.pt\/en\/wp-json\/wp\/v2\/comments?post=968"}],"version-history":[{"count":85,"href":"https:\/\/neuropsiquiatria.pt\/en\/wp-json\/wp\/v2\/pages\/968\/revisions"}],"predecessor-version":[{"id":5266,"href":"https:\/\/neuropsiquiatria.pt\/en\/wp-json\/wp\/v2\/pages\/968\/revisions\/5266"}],"wp:attachment":[{"href":"https:\/\/neuropsiquiatria.pt\/en\/wp-json\/wp\/v2\/media?parent=968"}],"curies":[{"name":"wp","href":"https:\/\/api.w.org\/{rel}","templated":true}]}}