{"id":2213,"date":"2025-05-21T20:36:10","date_gmt":"2025-05-21T19:36:10","guid":{"rendered":"https:\/\/neuropsiquiatria.pt\/?page_id=2213"},"modified":"2025-05-22T14:38:10","modified_gmt":"2025-05-22T13:38:10","slug":"termos-e-condicoes","status":"publish","type":"page","link":"https:\/\/neuropsiquiatria.pt\/en\/termos-e-condicoes\/","title":{"rendered":"Terms and Conditions"},"content":{"rendered":"<div data-elementor-type=\"wp-page\" data-elementor-id=\"2213\" class=\"elementor elementor-2213\" data-elementor-post-type=\"page\">\n\t\t\t\t\t\t<section class=\"elementor-section elementor-top-section elementor-element elementor-element-28d845cc elementor-section-boxed elementor-section-height-default elementor-section-height-default\" data-id=\"28d845cc\" data-element_type=\"section\" data-e-type=\"section\" data-settings=\"{&quot;background_background&quot;:&quot;classic&quot;}\">\n\t\t\t\t\t\t\t<div class=\"elementor-background-overlay\"><\/div>\n\t\t\t\t\t\t\t<div class=\"elementor-container elementor-column-gap-default\">\n\t\t\t\t\t<div class=\"elementor-column elementor-col-100 elementor-top-column elementor-element elementor-element-12576487\" data-id=\"12576487\" data-element_type=\"column\" data-e-type=\"column\">\n\t\t\t<div class=\"elementor-widget-wrap elementor-element-populated\">\n\t\t\t\t\t\t<div class=\"elementor-element elementor-element-3fa10000 elementor-widget elementor-widget-elementskit-heading\" data-id=\"3fa10000\" data-element_type=\"widget\" data-e-type=\"widget\" data-widget_type=\"elementskit-heading.default\">\n\t\t\t\t<div class=\"elementor-widget-container\">\n\t\t\t\t\t<div class=\"ekit-wid-con\" ><div class=\"ekit-heading elementskit-section-title-wraper text_left   ekit_heading_tablet-   ekit_heading_mobile-\"><h1 class=\"ekit-heading--title elementskit-section-title\">Website - Terms and Conditions<\/h1><\/div><\/div>\t\t\t\t<\/div>\n\t\t\t\t<\/div>\n\t\t\t\t\t<\/div>\n\t\t<\/div>\n\t\t\t\t\t<\/div>\n\t\t<\/section>\n\t\t<div class=\"elementor-element elementor-element-1b4810e e-flex e-con-boxed e-con e-parent\" data-id=\"1b4810e\" data-element_type=\"container\" data-e-type=\"container\">\n\t\t\t\t\t<div class=\"e-con-inner\">\n\t\t\t\t<div class=\"elementor-element elementor-element-be63aa4 elementor-widget elementor-widget-text-editor\" data-id=\"be63aa4\" data-element_type=\"widget\" data-e-type=\"widget\" data-widget_type=\"text-editor.default\">\n\t\t\t\t<div class=\"elementor-widget-container\">\n\t\t\t\t\t\t\t\t\t<h2>\u00a0<b>Terms and Conditions<\/b><\/h2><p><span style=\"font-weight: 400;\">This website was created, is owned and operated by the responsible entity Jos\u00e9 Padr\u00e3o Mendes Unipessoal Lda, legal representative of the Neuropsyque brand, with VAT number 517594056, headquartered at Rua Dr Bastos Gon\u00e7alves 5B R\/C, 1600-898 Lisboa, ERS Registration E176824, (hereinafter referred to as \"NeuroPsyque\"), and its use is governed by these Terms of Use.<\/span><\/p><p><span style=\"font-weight: 400;\">Neuropsyque is a medical clinic run by Jos\u00e9 Padr\u00e3o Mendes Unipessoal Lda, whose main activity is the management of healthcare provision.<\/span><\/p><h3><b>Acceptance of the Terms of Use<\/b><\/h3><p><span style=\"font-weight: 400;\">The user of the Site (hereinafter referred to as the \"User\") recognises that by using this Site they accept these Terms of Use.<\/span><\/p><h3><b>Changes to the Terms of Use<\/b><\/h3><p><span style=\"font-weight: 400;\">NeuroPsyque reserves the right, at any time, without prior notice and with immediate effect, to amend, add to, update or delete, in whole or in part, these Terms of Use. The User should periodically check these Terms of Use to confirm whether any updates or changes have been made. If you do not agree with any of the rules of use, you must not use the Site.<\/span><\/p><h3><b>Site Access<\/b><\/h3><p><span style=\"font-weight: 400;\">Access to the Site is not subject to registration. NeuroPsyque has the exclusive right, at any time, to suspend, partially or totally, access to the Site, in particular for management, maintenance, repair, alteration or modernisation operations, and to terminate, permanently or temporarily, partially or totally, at any time, in accordance with its wishes, the Site or any of the services, without prior notice.<\/span><\/p><h3><b>Use of the website<\/b><\/h3><p><span style=\"font-weight: 400;\">Use of the Site is subject to compliance with the following rules:<\/span><\/p><p><span style=\"font-weight: 400;\">Do not use the Site to send or make available any content that is illegal, false, misleading, threatening, malicious, abusive, defamatory, insulting, invasive of privacy, racially, ethically or morally reprehensible, harmful or offensive to the dignity of persons or harmful to minors, or that may negatively affect the brand or image of the NeuroPsyque clinic;<\/span><\/p><p><span style=\"font-weight: 400;\">Do not use the Site to send or make available information or content that belongs to third parties and that you do not have the right to use, such as content protected by third party copyright or content containing third party personal data;<\/span><\/p><p><span style=\"font-weight: 400;\">Do not use the Site to make available or transmit any type of material that contains or may contain viruses, worms, defects, Trojan horses or other computer items or codes, files or programmes that are likely to interrupt, destroy or limit the functionality of any computer equipment or system (hardware or software) or communications equipment;\u00a0<\/span><\/p><p><span style=\"font-weight: 400;\">Do not use or exploit the Website, including its contents, materials, functionalities or resources, for commercial purposes or in any way for payment. In particular, you may not promote or publicise any brand, product or service on the Site, such as through sales offers, requests for sponsorship or the promotion of competitions.<\/span><\/p><p><span style=\"font-weight: 400;\">Do not remove any copyright, trade mark or proprietary rights notices;<\/span><\/p><p><span style=\"font-weight: 400;\">Do not impersonate someone or some entity, including but not limited to a NeuroPsyque clinic manager, guide or receive someone as if they were a host, or falsely testify to kinship or connection with someone;<\/span><\/p><p><span style=\"font-weight: 400;\">Do not post or transmit any unsolicited or unauthorised content as SPAM.<\/span><\/p><p><span style=\"font-weight: 400;\">Do not collect, store, make available, transmit, exploit or reproduce information about other users (including user names and\/or e-mail addresses) for unauthorised purposes.<\/span><\/p><p><span style=\"font-weight: 400;\">In general, the User must use the Website in a responsible, prudent and careful manner and must not disturb or degrade the continuity, integrity and quality of its resources and functionalities. Users recognise that their use of the Site is at their own risk and that they are solely responsible for any damage caused to their computer system and\/or equipment or any other damage or harm, including loss or damage to data, resulting from the use of materials, content or information obtained in any way through the Site.<\/span><\/p><h3><b>Intellectual Property Rights<\/b><\/h3><p><span style=\"font-weight: 400;\">The User acknowledges that the Site, its structure and layout, the selection, organisation and presentation of its content, including its functionalities and the software used therein, as well as the trademarks, logos and symbols displayed on the Site, are the property of Neuropsyque or have been duly licensed in its favour.<\/span><\/p><p><span style=\"font-weight: 400;\">The User further recognises that the contents of this Site (texts, images, graphics, sound and animation and all other information made available) are protected by intellectual property rights and undertakes to respect such rights.<\/span><\/p><p><span style=\"font-weight: 400;\">It is NeuroPsyque's responsibility to manage the design, layout and arrangement of all the information, content and materials on the Site, so Neuropsyque may, at any time, update, modify or eliminate any content, services, options or functionalities, as well as modify their presentation and configuration and change their URLs.<\/span><\/p><p><span style=\"font-weight: 400;\">The User is not authorised to transmit, communicate to the public, publish, make available to the public, modify, transform, copy, sell, use or distribute, in any way, the texts, images or other information contained on this Website or part of the Website without prior written authorisation from Neuropsyque. The use of trademarks and logos on this Site, as well as the availability of materials and products on the Site, do not grant, and cannot be construed as granting, permission to Users to use, directly or indirectly, such trademarks, logos or materials.<\/span><\/p><h3><b>Personal Data<\/b><\/h3><p><span style=\"font-weight: 400;\">The use of this website does not necessarily imply the provision of personal data. However, if you wish to request contact and clarification, submit a complaint or make comments or suggestions, you must provide us with certain information, including your name and contact details, which will be processed in accordance with the terms set out in the Privacy Policy, available on this website.<\/span><\/p><h3><b>Information<\/b><\/h3><p><span style=\"font-weight: 400;\">The information provided on the Site is essentially intended to clarify and inform Users about aspects relating to the activity and services provided by Neuropsyque, as well as the products it promotes and\/or commercialises.<\/span><\/p><h3><b>Liability and guarantees<\/b><\/h3><p><span style=\"font-weight: 400;\">The Site has been developed by Neuropsyque with the interests of its Users in mind, with the aim of publicising and informing the public of its activity, namely in the provision of healthcare. However, we cannot guarantee that the Site or any functionality available on it will meet any needs and expectations you may have or that it will serve its specific purposes. In particular, the information made available on the Site does not constitute medical advice, which is why it is advisable to seek the advice of a suitably qualified professional whenever the User requires more specific counselling.<\/span><\/p><p><span style=\"font-weight: 400;\">Neuropsyque also does not guarantee that:<\/span><\/p><p><span style=\"font-weight: 400;\">The results obtained through the use of the Site are correct, true, proper or reliable;<\/span><\/p><p><span style=\"font-weight: 400;\">Any advice, recommendation or information, of any kind, for which Neuropsyque is responsible, presented or made available on the Site, or obtained through its use, is current, accurate, complete or error-free - Neuropsyque informs that it does not assume any legal duty in this regard;<\/span><\/p><p><span style=\"font-weight: 400;\">Any material or other type of content made available by third parties through the Website is safe, legal or appropriate;<\/span><\/p><p><span style=\"font-weight: 400;\">The qualities, functionalities or characteristics of the products, services, information or other materials or content disclosed on the Site fulfil any expectations of users. Neuropsyque shall not be liable for errors that may occur due to system irregularities, failure (temporary or permanent) of the Site, applications or other tools.<\/span><\/p><p><span style=\"font-weight: 400;\">\u00a0Neuropsyque shall not be liable for any damages resulting from improper use or inability to use the Site.<\/span><\/p><h3><b>Links to third-party sites<\/b><\/h3><p><span style=\"font-weight: 400;\">Neuropsyque may provide links to pages belonging to other organisations. These sites are not owned, operated or controlled by Neuropsyque and Neuropsyque is not responsible for, approves or in any way endorses or subscribes to the content of these sites or the sites linked to or referred to therein. The establishment of links does not imply, as a rule, the existence of relations between Neuropsyque and the owner or manager of the web page to which the link refers.<\/span><\/p><p><span style=\"font-weight: 400;\">In view of the above, Neuropsyque is not responsible for the legality, reliability or quality of any content made available therein, nor for compliance with the legal rules applicable to the content available therein, and the use of these links is the sole responsibility of the Users.<\/span><\/p><h3><b>Security<\/b><\/h3><p><span style=\"font-weight: 400;\">Neuropsyque does not guarantee that the Site will operate uninterruptedly, be free of errors or faults, or that it will be available continuously.<\/span><\/p><p><span style=\"font-weight: 400;\">Neuropsyque uses its best endeavours to ensure that the Site does not contain any viruses or other elements that could damage your computer or mobile device. However, since Neuropsyque cannot fully control the circulation of information over the Internet, it cannot guarantee that it does not contain any viruses or other elements that could damage your computer or mobile device.<\/span><\/p><p><span style=\"font-weight: 400;\">In order to guarantee the security of the Site, Neuropsyque may, at any time and without prior notice, take the necessary measures to guarantee the integrity, security, continuity or quality of the Site, including restrictions or limitations on access.<\/span><\/p><h3><b>Validity of the Terms and Conditions of Use<\/b><\/h3><p><span style=\"font-weight: 400;\">If any part or provision of these Terms of Use is unenforceable or in conflict with applicable law, the validity of the remaining parts or provisions shall not be affected.<\/span><\/p><h3><b>Questions<\/b><\/h3><p><span style=\"font-weight: 400;\">If you have any questions about these Terms of Use, please send us your enquiry using the contact form with the subject line \"Data Protection\" or by letter to Rua Dr Bastos Gon\u00e7alves 5B R\/C, 1600-898 Lisboa.<\/span><\/p><h3><b>Applicable law<\/b><\/h3><p><span style=\"font-weight: 400;\">Portuguese law shall apply to the management, administration, use and enforcement of the Terms of Use of the Website.<\/span><\/p><h3><b>Jurisdiction<\/b><\/h3><p><span style=\"font-weight: 400;\">To settle all questions and disputes that may arise in connection with these Terms and Conditions, the exclusive jurisdiction of the District Court of Lisbon shall apply, expressly waiving any other jurisdiction.<\/span><\/p><p><span style=\"font-weight: 400;\">Date last updated: 19 May 2025<\/span><\/p>\t\t\t\t\t\t\t\t<\/div>\n\t\t\t\t<\/div>\n\t\t\t\t\t<\/div>\n\t\t\t\t<\/div>\n\t\t\t\t<\/div>","protected":false},"excerpt":{"rendered":"<p>Website &#8211; Termos e Condi\u00e7\u00f5es \u00a0Termos e Condi\u00e7\u00f5es O presente Site foi criado, pertence e \u00e9 operado pela entidade respons\u00e1vel Jos\u00e9 Padr\u00e3o Mendes Unipessoal Lda, representante legal da marca Neuropsyque, com o NIF 517594056, sediada na Rua Dr. Bastos Gon\u00e7alves 5B R\/C, 1600-898 Lisboa, Registo ERS E176824, (doravante designada por \u201cNeuroPsyque\u201d), regendo-se a sua utiliza\u00e7\u00e3o [&hellip;]<\/p>\n","protected":false},"author":1,"featured_media":0,"parent":0,"menu_order":0,"comment_status":"closed","ping_status":"closed","template":"elementor_header_footer","meta":{"footnotes":""},"class_list":["post-2213","page","type-page","status-publish","hentry"],"aioseo_notices":[],"_hostinger_reach_plugin_has_subscription_block":false,"_hostinger_reach_plugin_is_elementor":false,"_links":{"self":[{"href":"https:\/\/neuropsiquiatria.pt\/en\/wp-json\/wp\/v2\/pages\/2213","targetHints":{"allow":["GET"]}}],"collection":[{"href":"https:\/\/neuropsiquiatria.pt\/en\/wp-json\/wp\/v2\/pages"}],"about":[{"href":"https:\/\/neuropsiquiatria.pt\/en\/wp-json\/wp\/v2\/types\/page"}],"author":[{"embeddable":true,"href":"https:\/\/neuropsiquiatria.pt\/en\/wp-json\/wp\/v2\/users\/1"}],"replies":[{"embeddable":true,"href":"https:\/\/neuropsiquiatria.pt\/en\/wp-json\/wp\/v2\/comments?post=2213"}],"version-history":[{"count":10,"href":"https:\/\/neuropsiquiatria.pt\/en\/wp-json\/wp\/v2\/pages\/2213\/revisions"}],"predecessor-version":[{"id":2236,"href":"https:\/\/neuropsiquiatria.pt\/en\/wp-json\/wp\/v2\/pages\/2213\/revisions\/2236"}],"wp:attachment":[{"href":"https:\/\/neuropsiquiatria.pt\/en\/wp-json\/wp\/v2\/media?parent=2213"}],"curies":[{"name":"wp","href":"https:\/\/api.w.org\/{rel}","templated":true}]}}